{"id":68721,"date":"2025-05-23T09:44:01","date_gmt":"2025-05-23T13:44:01","guid":{"rendered":"https:\/\/www.lotsdesurplus.com\/?post_type=product&#038;p=68721"},"modified":"2025-05-27T09:46:30","modified_gmt":"2025-05-27T13:46:30","slug":"lot-22-palettes-lingettes-dhygiene-premium-number-one","status":"publish","type":"product","link":"https:\/\/www.lotsdesurplus.com\/en\/product\/lot-22-palettes-lingettes-dhygiene-premium-number-one\/","title":{"rendered":"Lot 22 Palettes Lingettes d&#8217;Hygi\u00e8ne Premium Number One"},"content":{"rendered":"<p>Lot 22 Palettes Lingettes d&#8217;Hygi\u00e8ne Premium Number One<\/p>\n<p>2,47$\/Paquet<\/p>\n<p>EXP: FEV 2027<\/p>\n<p><span style=\"font-size: 14pt; color: #ff0000;\">VENTE MINIMUM 1 PALETTE<\/span><\/p>\n<p>Les lingettes Number One Towelettes repr\u00e9sentent l&#8217;excellence en mati\u00e8re d&#8217;hygi\u00e8ne personnelle quotidienne. Con\u00e7ues avec une attention particuli\u00e8re port\u00e9e au confort et \u00e0 la douceur, ces lingettes offrent une exp\u00e9rience de nettoyage rafra\u00eechissante et d\u00e9licate qui respecte l&#8217;\u00e9quilibre naturel de votre peau. Formulation Experte Sans Alcool.<\/p>\n<p>Infos: ventes@lotsdesurplus.com<\/p>\n","protected":false},"excerpt":{"rendered":"<p>Lot 22 Palettes Lingettes d&#8217;Hygi\u00e8ne Premium Number One<\/p>\n<p>2,47$\/Paquet<\/p>\n<p>EXP: FEV 2027<\/p>\n<p><span style=\"font-size: 14pt; color: #ff0000;\">VENTE MINIMUM 1 PALETTE<\/span><\/p>\n<p>Les lingettes Number One Towelettes repr\u00e9sentent l&#8217;excellence en mati\u00e8re d&#8217;hygi\u00e8ne personnelle quotidienne. Con\u00e7ues avec une attention particuli\u00e8re port\u00e9e au confort et \u00e0 la douceur, ces lingettes offrent une exp\u00e9rience de nettoyage rafra\u00eechissante et d\u00e9licate qui respecte l&#8217;\u00e9quilibre naturel de votre peau. Formulation Experte Sans Alcool.<\/p>\n<p>Infos: ventes@lotsdesurplus.com<\/p>\n","protected":false},"featured_media":68722,"comment_status":"closed","ping_status":"closed","template":"","meta":{"_acf_changed":false,"_ria_meta_titre":"","_ria_meta_description":"","_ria_resume_generation":""},"product_brand":[],"product_cat":[40,144,303,48,59,112,58,15],"product_tag":[],"class_list":{"0":"post-68721","1":"product","2":"type-product","3":"status-publish","4":"has-post-thumbnail","6":"product_cat-lots-en-vedette-ou-en-promotion","7":"product_cat-camion-complet","8":"product_cat-flips-rapides-en-tres-gros","9":"product_cat-lots-de-palettes","10":"product_cat-produits-nettoyage","11":"product_cat-sanitaire","12":"product_cat-soins-corporels","13":"product_cat-marchandises-en-lot-autre","15":"first","16":"instock","17":"featured","18":"shipping-taxable","19":"purchasable","20":"product-type-simple"},"acf":[],"yoast_head":"<!-- This site is optimized with the Yoast SEO plugin v27.1 - https:\/\/yoast.com\/product\/yoast-seo-wordpress\/ -->\n<title>Lot 22 Palettes Lingettes d&#039;Hygi\u00e8ne Premium Number One - Lots de surplus<\/title>\n<meta name=\"robots\" content=\"index, follow, max-snippet:-1, max-image-preview:large, max-video-preview:-1\" \/>\n<link rel=\"canonical\" href=\"https:\/\/www.lotsdesurplus.com\/en\/product\/lot-22-palettes-lingettes-dhygiene-premium-number-one\/\" \/>\n<meta property=\"og:locale\" content=\"en_US\" \/>\n<meta property=\"og:type\" content=\"article\" \/>\n<meta property=\"og:title\" content=\"Lot 22 Palettes Lingettes d&#039;Hygi\u00e8ne Premium Number One - Lots de surplus\" \/>\n<meta property=\"og:description\" content=\"Lot 22 Palettes Lingettes d&#039;Hygi\u00e8ne Premium Number One  2,47$\/Paquet  EXP: FEV 2027  VENTE MINIMUM 1 PALETTE  Les lingettes Number One Towelettes repr\u00e9sentent l&#039;excellence en mati\u00e8re d&#039;hygi\u00e8ne personnelle quotidienne. Con\u00e7ues avec une attention particuli\u00e8re port\u00e9e au confort et \u00e0 la douceur, ces lingettes offrent une exp\u00e9rience de nettoyage rafra\u00eechissante et d\u00e9licate qui respecte l&#039;\u00e9quilibre naturel de votre peau. Formulation Experte Sans Alcool.  Infos: ventes@lotsdesurplus.com\" \/>\n<meta property=\"og:url\" content=\"https:\/\/www.lotsdesurplus.com\/en\/product\/lot-22-palettes-lingettes-dhygiene-premium-number-one\/\" \/>\n<meta property=\"og:site_name\" content=\"Lots de surplus\" \/>\n<meta property=\"article:modified_time\" content=\"2025-05-27T13:46:30+00:00\" \/>\n<meta property=\"og:image\" content=\"https:\/\/www.lotsdesurplus.com\/wp-content\/uploads\/2025\/05\/2.jpg\" \/>\n\t<meta property=\"og:image:width\" content=\"621\" \/>\n\t<meta property=\"og:image:height\" content=\"1000\" \/>\n\t<meta property=\"og:image:type\" content=\"image\/jpeg\" \/>\n<meta name=\"twitter:card\" content=\"summary_large_image\" \/>\n<script type=\"application\/ld+json\" class=\"yoast-schema-graph\">{\"@context\":\"https:\/\/schema.org\",\"@graph\":[{\"@type\":\"WebPage\",\"@id\":\"https:\/\/www.lotsdesurplus.com\/en\/product\/lot-22-palettes-lingettes-dhygiene-premium-number-one\/\",\"url\":\"https:\/\/www.lotsdesurplus.com\/en\/product\/lot-22-palettes-lingettes-dhygiene-premium-number-one\/\",\"name\":\"Lot 22 Palettes Lingettes d'Hygi\u00e8ne Premium Number One - Lots de surplus\",\"isPartOf\":{\"@id\":\"https:\/\/www.lotsdesurplus.com\/en\/#website\"},\"primaryImageOfPage\":{\"@id\":\"https:\/\/www.lotsdesurplus.com\/en\/product\/lot-22-palettes-lingettes-dhygiene-premium-number-one\/#primaryimage\"},\"image\":{\"@id\":\"https:\/\/www.lotsdesurplus.com\/en\/product\/lot-22-palettes-lingettes-dhygiene-premium-number-one\/#primaryimage\"},\"thumbnailUrl\":\"https:\/\/www.lotsdesurplus.com\/wp-content\/uploads\/2025\/05\/2.jpg\",\"datePublished\":\"2025-05-23T13:44:01+00:00\",\"dateModified\":\"2025-05-27T13:46:30+00:00\",\"breadcrumb\":{\"@id\":\"https:\/\/www.lotsdesurplus.com\/en\/product\/lot-22-palettes-lingettes-dhygiene-premium-number-one\/#breadcrumb\"},\"inLanguage\":\"en-US\",\"potentialAction\":[{\"@type\":\"ReadAction\",\"target\":[\"https:\/\/www.lotsdesurplus.com\/en\/product\/lot-22-palettes-lingettes-dhygiene-premium-number-one\/\"]}]},{\"@type\":\"ImageObject\",\"inLanguage\":\"en-US\",\"@id\":\"https:\/\/www.lotsdesurplus.com\/en\/product\/lot-22-palettes-lingettes-dhygiene-premium-number-one\/#primaryimage\",\"url\":\"https:\/\/www.lotsdesurplus.com\/wp-content\/uploads\/2025\/05\/2.jpg\",\"contentUrl\":\"https:\/\/www.lotsdesurplus.com\/wp-content\/uploads\/2025\/05\/2.jpg\",\"width\":621,\"height\":1000,\"caption\":\"2 Lot 22 Palettes Lingettes d&rsquo;Hygi\u00e8ne Premium Number One\"},{\"@type\":\"BreadcrumbList\",\"@id\":\"https:\/\/www.lotsdesurplus.com\/en\/product\/lot-22-palettes-lingettes-dhygiene-premium-number-one\/#breadcrumb\",\"itemListElement\":[{\"@type\":\"ListItem\",\"position\":1,\"name\":\"Accueil\",\"item\":\"https:\/\/www.lotsdesurplus.com\/en\/\"},{\"@type\":\"ListItem\",\"position\":2,\"name\":\"Shop\",\"item\":\"https:\/\/www.lotsdesurplus.com\/en\/shop\/\"},{\"@type\":\"ListItem\",\"position\":3,\"name\":\"Promotional Lots\",\"item\":\"https:\/\/www.lotsdesurplus.com\/en\/product_category\/promotional-lots\/\"},{\"@type\":\"ListItem\",\"position\":4,\"name\":\"Lot 22 Palettes Lingettes d&rsquo;Hygi\u00e8ne Premium Number One\"}]},{\"@type\":\"WebSite\",\"@id\":\"https:\/\/www.lotsdesurplus.com\/en\/#website\",\"url\":\"https:\/\/www.lotsdesurplus.com\/en\/\",\"name\":\"Lots de surplus\",\"description\":\"Au prix du gros\",\"publisher\":{\"@id\":\"https:\/\/www.lotsdesurplus.com\/en\/#organization\"},\"potentialAction\":[{\"@type\":\"SearchAction\",\"target\":{\"@type\":\"EntryPoint\",\"urlTemplate\":\"https:\/\/www.lotsdesurplus.com\/en\/?s={search_term_string}\"},\"query-input\":{\"@type\":\"PropertyValueSpecification\",\"valueRequired\":true,\"valueName\":\"search_term_string\"}}],\"inLanguage\":\"en-US\"},{\"@type\":\"Organization\",\"@id\":\"https:\/\/www.lotsdesurplus.com\/en\/#organization\",\"name\":\"Lots de surplus\",\"url\":\"https:\/\/www.lotsdesurplus.com\/en\/\",\"logo\":{\"@type\":\"ImageObject\",\"inLanguage\":\"en-US\",\"@id\":\"https:\/\/www.lotsdesurplus.com\/en\/#\/schema\/logo\/image\/\",\"url\":\"https:\/\/www.lotsdesurplus.com\/wp-content\/uploads\/2025\/08\/logo-lot-de-surplus.png\",\"contentUrl\":\"https:\/\/www.lotsdesurplus.com\/wp-content\/uploads\/2025\/08\/logo-lot-de-surplus.png\",\"width\":600,\"height\":181,\"caption\":\"Lots de surplus\"},\"image\":{\"@id\":\"https:\/\/www.lotsdesurplus.com\/en\/#\/schema\/logo\/image\/\"}}]}<\/script>\n<!-- \/ Yoast SEO plugin. -->","yoast_head_json":{"title":"Lot 22 Palettes Lingettes d'Hygi\u00e8ne Premium Number One - Lots de surplus","robots":{"index":"index","follow":"follow","max-snippet":"max-snippet:-1","max-image-preview":"max-image-preview:large","max-video-preview":"max-video-preview:-1"},"canonical":"https:\/\/www.lotsdesurplus.com\/en\/product\/lot-22-palettes-lingettes-dhygiene-premium-number-one\/","og_locale":"en_US","og_type":"article","og_title":"Lot 22 Palettes Lingettes d'Hygi\u00e8ne Premium Number One - Lots de surplus","og_description":"Lot 22 Palettes Lingettes d'Hygi\u00e8ne Premium Number One  2,47$\/Paquet  EXP: FEV 2027  VENTE MINIMUM 1 PALETTE  Les lingettes Number One Towelettes repr\u00e9sentent l'excellence en mati\u00e8re d'hygi\u00e8ne personnelle quotidienne. Con\u00e7ues avec une attention particuli\u00e8re port\u00e9e au confort et \u00e0 la douceur, ces lingettes offrent une exp\u00e9rience de nettoyage rafra\u00eechissante et d\u00e9licate qui respecte l'\u00e9quilibre naturel de votre peau. Formulation Experte Sans Alcool.  Infos: ventes@lotsdesurplus.com","og_url":"https:\/\/www.lotsdesurplus.com\/en\/product\/lot-22-palettes-lingettes-dhygiene-premium-number-one\/","og_site_name":"Lots de surplus","article_modified_time":"2025-05-27T13:46:30+00:00","og_image":[{"width":621,"height":1000,"url":"https:\/\/www.lotsdesurplus.com\/wp-content\/uploads\/2025\/05\/2.jpg","type":"image\/jpeg"}],"twitter_card":"summary_large_image","schema":{"@context":"https:\/\/schema.org","@graph":[{"@type":"WebPage","@id":"https:\/\/www.lotsdesurplus.com\/en\/product\/lot-22-palettes-lingettes-dhygiene-premium-number-one\/","url":"https:\/\/www.lotsdesurplus.com\/en\/product\/lot-22-palettes-lingettes-dhygiene-premium-number-one\/","name":"Lot 22 Palettes Lingettes d'Hygi\u00e8ne Premium Number One - Lots de surplus","isPartOf":{"@id":"https:\/\/www.lotsdesurplus.com\/en\/#website"},"primaryImageOfPage":{"@id":"https:\/\/www.lotsdesurplus.com\/en\/product\/lot-22-palettes-lingettes-dhygiene-premium-number-one\/#primaryimage"},"image":{"@id":"https:\/\/www.lotsdesurplus.com\/en\/product\/lot-22-palettes-lingettes-dhygiene-premium-number-one\/#primaryimage"},"thumbnailUrl":"https:\/\/www.lotsdesurplus.com\/wp-content\/uploads\/2025\/05\/2.jpg","datePublished":"2025-05-23T13:44:01+00:00","dateModified":"2025-05-27T13:46:30+00:00","breadcrumb":{"@id":"https:\/\/www.lotsdesurplus.com\/en\/product\/lot-22-palettes-lingettes-dhygiene-premium-number-one\/#breadcrumb"},"inLanguage":"en-US","potentialAction":[{"@type":"ReadAction","target":["https:\/\/www.lotsdesurplus.com\/en\/product\/lot-22-palettes-lingettes-dhygiene-premium-number-one\/"]}]},{"@type":"ImageObject","inLanguage":"en-US","@id":"https:\/\/www.lotsdesurplus.com\/en\/product\/lot-22-palettes-lingettes-dhygiene-premium-number-one\/#primaryimage","url":"https:\/\/www.lotsdesurplus.com\/wp-content\/uploads\/2025\/05\/2.jpg","contentUrl":"https:\/\/www.lotsdesurplus.com\/wp-content\/uploads\/2025\/05\/2.jpg","width":621,"height":1000,"caption":"2 Lot 22 Palettes Lingettes d&rsquo;Hygi\u00e8ne Premium Number One"},{"@type":"BreadcrumbList","@id":"https:\/\/www.lotsdesurplus.com\/en\/product\/lot-22-palettes-lingettes-dhygiene-premium-number-one\/#breadcrumb","itemListElement":[{"@type":"ListItem","position":1,"name":"Accueil","item":"https:\/\/www.lotsdesurplus.com\/en\/"},{"@type":"ListItem","position":2,"name":"Shop","item":"https:\/\/www.lotsdesurplus.com\/en\/shop\/"},{"@type":"ListItem","position":3,"name":"Promotional Lots","item":"https:\/\/www.lotsdesurplus.com\/en\/product_category\/promotional-lots\/"},{"@type":"ListItem","position":4,"name":"Lot 22 Palettes Lingettes d&rsquo;Hygi\u00e8ne Premium Number One"}]},{"@type":"WebSite","@id":"https:\/\/www.lotsdesurplus.com\/en\/#website","url":"https:\/\/www.lotsdesurplus.com\/en\/","name":"Lots de surplus","description":"Au prix du gros","publisher":{"@id":"https:\/\/www.lotsdesurplus.com\/en\/#organization"},"potentialAction":[{"@type":"SearchAction","target":{"@type":"EntryPoint","urlTemplate":"https:\/\/www.lotsdesurplus.com\/en\/?s={search_term_string}"},"query-input":{"@type":"PropertyValueSpecification","valueRequired":true,"valueName":"search_term_string"}}],"inLanguage":"en-US"},{"@type":"Organization","@id":"https:\/\/www.lotsdesurplus.com\/en\/#organization","name":"Lots de surplus","url":"https:\/\/www.lotsdesurplus.com\/en\/","logo":{"@type":"ImageObject","inLanguage":"en-US","@id":"https:\/\/www.lotsdesurplus.com\/en\/#\/schema\/logo\/image\/","url":"https:\/\/www.lotsdesurplus.com\/wp-content\/uploads\/2025\/08\/logo-lot-de-surplus.png","contentUrl":"https:\/\/www.lotsdesurplus.com\/wp-content\/uploads\/2025\/08\/logo-lot-de-surplus.png","width":600,"height":181,"caption":"Lots de surplus"},"image":{"@id":"https:\/\/www.lotsdesurplus.com\/en\/#\/schema\/logo\/image\/"}}]}},"_links":{"self":[{"href":"https:\/\/www.lotsdesurplus.com\/en\/wp-json\/wp\/v2\/product\/68721","targetHints":{"allow":["GET"]}}],"collection":[{"href":"https:\/\/www.lotsdesurplus.com\/en\/wp-json\/wp\/v2\/product"}],"about":[{"href":"https:\/\/www.lotsdesurplus.com\/en\/wp-json\/wp\/v2\/types\/product"}],"replies":[{"embeddable":true,"href":"https:\/\/www.lotsdesurplus.com\/en\/wp-json\/wp\/v2\/comments?post=68721"}],"wp:featuredmedia":[{"embeddable":true,"href":"https:\/\/www.lotsdesurplus.com\/en\/wp-json\/wp\/v2\/media\/68722"}],"wp:attachment":[{"href":"https:\/\/www.lotsdesurplus.com\/en\/wp-json\/wp\/v2\/media?parent=68721"}],"wp:term":[{"taxonomy":"product_brand","embeddable":true,"href":"https:\/\/www.lotsdesurplus.com\/en\/wp-json\/wp\/v2\/product_brand?post=68721"},{"taxonomy":"product_cat","embeddable":true,"href":"https:\/\/www.lotsdesurplus.com\/en\/wp-json\/wp\/v2\/product_cat?post=68721"},{"taxonomy":"product_tag","embeddable":true,"href":"https:\/\/www.lotsdesurplus.com\/en\/wp-json\/wp\/v2\/product_tag?post=68721"}],"curies":[{"name":"wp","href":"https:\/\/api.w.org\/{rel}","templated":true}]}}